{"id":112,"date":"2020-09-19T22:20:03","date_gmt":"2020-09-19T22:20:03","guid":{"rendered":"http:\/\/uccbarcelosnorte.online\/?page_id=112"},"modified":"2020-09-19T22:22:05","modified_gmt":"2020-09-19T22:22:05","slug":"saude-escolar","status":"publish","type":"page","link":"https:\/\/uccbarcelosnorte.online\/index.php\/saude-escolar\/","title":{"rendered":"Sa\u00fade Escolar"},"content":{"rendered":"\n<figure class=\"wp-block-embed-youtube wp-block-embed is-type-video is-provider-youtube wp-embed-aspect-16-9 wp-has-aspect-ratio\"><div class=\"wp-block-embed__wrapper\">\n<iframe loading=\"lazy\" title=\"Apresenta\u00e7\u00e3o da Equipa de Sa\u00fade Escolar da UCC Barcelos Norte\" width=\"580\" height=\"326\" src=\"https:\/\/www.youtube.com\/embed\/ScqpxeiO0q8?feature=oembed\" frameborder=\"0\" allow=\"accelerometer; autoplay; clipboard-write; encrypted-media; gyroscope; picture-in-picture; web-share\" referrerpolicy=\"strict-origin-when-cross-origin\" allowfullscreen><\/iframe>\n<\/div><figcaption>Equipa de Sa\u00fade Escolar<\/figcaption><\/figure>\n","protected":false},"excerpt":{"rendered":"","protected":false},"author":3,"featured_media":0,"parent":0,"menu_order":0,"comment_status":"closed","ping_status":"closed","template":"","meta":{"footnotes":""},"class_list":["post-112","page","type-page","status-publish","hentry"],"_links":{"self":[{"href":"https:\/\/uccbarcelosnorte.online\/index.php\/wp-json\/wp\/v2\/pages\/112","targetHints":{"allow":["GET"]}}],"collection":[{"href":"https:\/\/uccbarcelosnorte.online\/index.php\/wp-json\/wp\/v2\/pages"}],"about":[{"href":"https:\/\/uccbarcelosnorte.online\/index.php\/wp-json\/wp\/v2\/types\/page"}],"author":[{"embeddable":true,"href":"https:\/\/uccbarcelosnorte.online\/index.php\/wp-json\/wp\/v2\/users\/3"}],"replies":[{"embeddable":true,"href":"https:\/\/uccbarcelosnorte.online\/index.php\/wp-json\/wp\/v2\/comments?post=112"}],"version-history":[{"count":3,"href":"https:\/\/uccbarcelosnorte.online\/index.php\/wp-json\/wp\/v2\/pages\/112\/revisions"}],"predecessor-version":[{"id":123,"href":"https:\/\/uccbarcelosnorte.online\/index.php\/wp-json\/wp\/v2\/pages\/112\/revisions\/123"}],"wp:attachment":[{"href":"https:\/\/uccbarcelosnorte.online\/index.php\/wp-json\/wp\/v2\/media?parent=112"}],"curies":[{"name":"wp","href":"https:\/\/api.w.org\/{rel}","templated":true}]}}